{"id":20141,"date":"2025-03-02T21:41:35","date_gmt":"2025-03-02T20:41:35","guid":{"rendered":"https:\/\/www.optegra.com.pl\/kwalifikacja-korekcja-wzroku\/?page_id=20141"},"modified":"2025-06-30T07:33:28","modified_gmt":"2025-06-30T05:33:28","slug":"rejestracja-online","status":"publish","type":"page","link":"https:\/\/www.optegra.com.pl\/kwalifikacja-korekcja-wzroku\/rejestracja-online","title":{"rendered":"Rejestracja Online"},"content":{"rendered":"<div id=\"\" class=\"container-fluid pt-4 pb-3 pt-md-6 pb-md-5 px-1 px-md-8 bg-light-orange my-0 mt-0 mb-0\">\r\n  <div class=\"container\">\r\n    <div class=\"row align-items-center g-2\">\r\n              <div class=\"col-12 text-white text-center\">\r\n                  <p class=\"h3 mb-3 text-transform-none\">Um\u00f3w si\u0119 na wizyt\u0119 kwalifikacyjn\u0105 do zabiegu<\/p>\r\n        <p class=\"mb-3\">Spotkasz si\u0119 bezpo\u015brednio z do\u015bwiadczonym chirurgiem okulist\u0105, kt\u00f3ry przeprowadzi szczeg\u00f3\u0142owe badanie i dobierze metod\u0119 zabiegu dostosowan\u0105 do Twoich potrzeb i stylu \u017cycia.<\/p>\r\n        <form class=\"d-lg-flex d-block form-reservation\">\r\n          <div class=\"input-group me-1 d-inline-flex flex-grow-1 mb-2\">\r\n            <label class=\"input-group-text border-0\" for=\"inputGroupSelect01\">\r\n              <svg class=\"svg-icon-light-orange w-auto h-100\" width=\"25\" height=\"24\" viewBox=\"0 0 25 24\" fill=\"none\"\r\n                   xmlns=\"http:\/\/www.w3.org\/2000\/svg\">\r\n                <path\r\n                  d=\"M15.1877 12H9.18774V22H5.18774C4.65731 22 4.1486 21.7893 3.77353 21.4142C3.39846 21.0391 3.18774 20.5304 3.18774 20V9.97814C3.18774 9.36096 3.47269 8.77834 3.95986 8.39943L10.9599 2.95499C11.6821 2.39326 12.6934 2.39326 13.4156 2.95499L20.4156 8.39943C20.9028 8.77835 21.1877 9.36096 21.1877 9.97814V20C21.1877 20.5304 20.977 21.0391 20.602 21.4142C20.2269 21.7893 19.7182 22 19.1877 22H15.1877V15\"\r\n                  stroke=\"#343A3F\" stroke-width=\"2\" stroke-linecap=\"round\" stroke-linejoin=\"round\"\/>\r\n              <\/svg>\r\n            <\/label>\r\n            <select class=\"form-select border-0 clinic clinicSelect\" id=\"inputGroupSelect01\" required>\r\n              <option value=\"\" disabled selected>Wybierz klinik\u0119<\/option>\r\n                            <option value=\"100000005\">Warszawa<\/option>\r\n                                                                                                            <option value=\"100000001\">Katowice<\/option>                                                <option value=\"2\">Krak\u00f3w<\/option>                                                <option value=\"100000002\">Lublin<\/option>                                                <option value=\"100000004\">\u0141\u00f3d\u017a<\/option>                                                <option value=\"4\">Pozna\u0144<\/option>                                                                              <option value=\"100000003\">Rzesz\u00f3w<\/option>                                                <option value=\"5\">Szczecin<\/option>                                                <option value=\"3\">Wroc\u0142aw Sky Tower<\/option>                                                <option value=\"33\">Wroc\u0142aw O\u0142awska<\/option>                          <\/select>\r\n          <\/div>\r\n          <div class=\"input-group me-1 d-inline-flex flex-grow-1 mb-2\">\r\n            <label class=\"input-group-text border-0\" for=\"inputGroupSelect01\">\r\n              <svg class=\"svg-icon-light-orange w-auto h-100\" width=\"25\" height=\"24\" viewBox=\"0 0 25 24\" fill=\"none\"\r\n                   xmlns=\"http:\/\/www.w3.org\/2000\/svg\">\r\n                <path\r\n                  d=\"M4.77353 4.58579C4.39846 4.96086 4.18774 5.46957 4.18774 6V20C4.18774 20.5304 4.39846 21.0391 4.77353 21.4142C5.1486 21.7893 5.65731 22 6.18774 22H18.1877C18.7182 22 19.2269 21.7893 19.602 21.4142C19.977 21.0391 20.1877 20.5304 20.1877 20V6C20.1877 5.46957 19.977 4.96086 19.602 4.58579C19.2269 4.21071 18.7182 4 18.1877 4H16.1877M16.1877 4V3C16.1877 2.44772 15.74 2 15.1877 2H9.18774C8.63546 2 8.18774 2.44772 8.18774 3V4V5C8.18774 5.55228 8.63546 6 9.18774 6H15.1877C15.74 6 16.1877 5.55228 16.1877 5V4Z\"\r\n                  stroke=\"#343A3F\" stroke-width=\"2\" stroke-linecap=\"round\" stroke-linejoin=\"round\"\/>\r\n              <\/svg>\r\n            <\/label>\r\n            <select class=\"form-select border-0 treatement\" placeholder=\"Wybierz konsultacj\u0119\" name=\"zabieg\"\r\n                    id=\"inputGroupSelect01\" required>\r\n              <option value=\"\" disabled selected>Wybierz konsultacj\u0119<\/option>\r\n\r\n              <option class=\"treatementReservation tr-g1287611329\" value=\"g1287611329\">Kwalifikacja do korekcji wzroku &#8211; mam mniej ni\u017c 38 lat<\/option>\r\n              <option class=\"treatementReservation tr-g1324444618\" value=\"g1324444618\">Kwalifikacja do korekcji wzroku &#8211; mam 38 lat lub wi\u0119cej<\/option>\r\n              <option class=\"treatementReservation tr-2027\" value=\"2027\">Kwalifikacja &#8211; operacja sto\u017cka rog\u00f3wki<\/option>\r\n              <option class=\"treatementReservation tr-2028\" value=\"2028\">Kwalifikacja &#8211; operacja usuni\u0119cia za\u0107my (lekarz)<\/option>\r\n            <\/select>\r\n          <\/div>\r\n          <button class=\"btn btn-green mt-0 px-4 mb-2 form-reservation-submit\" type=\"submit\">Sprawd\u017a<\/button>\r\n        <\/form>\r\n      <\/div>\r\n    <\/div>\r\n  <\/div>\r\n<\/div>\r\n\n\n","protected":false},"excerpt":{"rendered":"","protected":false},"author":16,"featured_media":0,"parent":0,"menu_order":0,"comment_status":"closed","ping_status":"closed","template":"special-product-page-rej.php","meta":{"_acf_changed":false,"footnotes":""},"class_list":["post-20141","page","type-page","status-publish","hentry"],"acf":[],"yoast_head":"<!-- This site is optimized with the Yoast SEO plugin v27.5 - https:\/\/yoast.com\/product\/yoast-seo-wordpress\/ -->\n<title>Rejestracja Online - Kliniki Okulistyczne Optegra<\/title>\n<meta name=\"robots\" content=\"index, follow, max-snippet:-1, max-image-preview:large, max-video-preview:-1\" \/>\n<link rel=\"canonical\" href=\"https:\/\/www.optegra.com.pl\/kwalifikacja-korekcja-wzroku\/rejestracja-online\" \/>\n<meta property=\"og:locale\" content=\"pl_PL\" \/>\n<meta property=\"og:type\" content=\"article\" \/>\n<meta property=\"og:title\" content=\"Rejestracja Online - Kliniki Okulistyczne Optegra\" \/>\n<meta property=\"og:url\" content=\"https:\/\/www.optegra.com.pl\/kwalifikacja-korekcja-wzroku\/rejestracja-online\" \/>\n<meta property=\"og:site_name\" content=\"Kliniki Okulistyczne Optegra\" \/>\n<meta property=\"article:modified_time\" content=\"2025-06-30T05:33:28+00:00\" \/>\n<meta name=\"twitter:card\" content=\"summary_large_image\" \/>\n<script type=\"application\/ld+json\" class=\"yoast-schema-graph\">{\"@context\":\"https:\\\/\\\/schema.org\",\"@graph\":[{\"@type\":[\"WebPage\",\"MedicalWebPage\"],\"@id\":\"https:\\\/\\\/www.optegra.com.pl\\\/kwalifikacja-korekcja-wzroku\\\/rejestracja-online\",\"url\":\"https:\\\/\\\/www.optegra.com.pl\\\/kwalifikacja-korekcja-wzroku\\\/rejestracja-online\",\"name\":\"Rejestracja Online - Kliniki Okulistyczne Optegra\",\"isPartOf\":{\"@id\":\"https:\\\/\\\/www.optegra.com.pl\\\/kwalifikacja-laserowa-korekcja-wzroku-zawodowy-wzrok\\\/#website\"},\"datePublished\":\"2025-03-02T20:41:35+00:00\",\"dateModified\":\"2025-06-30T05:33:28+00:00\",\"breadcrumb\":{\"@id\":\"https:\\\/\\\/www.optegra.com.pl\\\/kwalifikacja-korekcja-wzroku\\\/rejestracja-online#breadcrumb\"},\"inLanguage\":\"pl-PL\",\"potentialAction\":[{\"@type\":\"ReadAction\",\"target\":[\"https:\\\/\\\/www.optegra.com.pl\\\/kwalifikacja-korekcja-wzroku\\\/rejestracja-online\"]}]},{\"@type\":\"BreadcrumbList\",\"@id\":\"https:\\\/\\\/www.optegra.com.pl\\\/kwalifikacja-korekcja-wzroku\\\/rejestracja-online#breadcrumb\",\"itemListElement\":[{\"@type\":\"ListItem\",\"position\":1,\"name\":\"Strona g\u0142\u00f3wna\",\"item\":\"https:\\\/\\\/www.optegra.com.pl\\\/kwalifikacja-laserowa-korekcja-wzroku-zawodowy-wzrok\\\/\"},{\"@type\":\"ListItem\",\"position\":2,\"name\":\"Rejestracja Online\"}]},{\"@type\":\"WebSite\",\"@id\":\"https:\\\/\\\/www.optegra.com.pl\\\/kwalifikacja-laserowa-korekcja-wzroku-zawodowy-wzrok\\\/#website\",\"url\":\"https:\\\/\\\/www.optegra.com.pl\\\/kwalifikacja-laserowa-korekcja-wzroku-zawodowy-wzrok\\\/\",\"name\":\"Kliniki Okulistyczne Optegra\",\"description\":\"Home of vision correction\",\"potentialAction\":[{\"@type\":\"SearchAction\",\"target\":{\"@type\":\"EntryPoint\",\"urlTemplate\":\"https:\\\/\\\/www.optegra.com.pl\\\/kwalifikacja-laserowa-korekcja-wzroku-zawodowy-wzrok\\\/?s={search_term_string}\"},\"query-input\":{\"@type\":\"PropertyValueSpecification\",\"valueRequired\":true,\"valueName\":\"search_term_string\"}}],\"inLanguage\":\"pl-PL\"}]}<\/script>\n<!-- \/ Yoast SEO plugin. -->","yoast_head_json":{"title":"Rejestracja Online - Kliniki Okulistyczne Optegra","robots":{"index":"index","follow":"follow","max-snippet":"max-snippet:-1","max-image-preview":"max-image-preview:large","max-video-preview":"max-video-preview:-1"},"canonical":"https:\/\/www.optegra.com.pl\/kwalifikacja-korekcja-wzroku\/rejestracja-online","og_locale":"pl_PL","og_type":"article","og_title":"Rejestracja Online - Kliniki Okulistyczne Optegra","og_url":"https:\/\/www.optegra.com.pl\/kwalifikacja-korekcja-wzroku\/rejestracja-online","og_site_name":"Kliniki Okulistyczne Optegra","article_modified_time":"2025-06-30T05:33:28+00:00","twitter_card":"summary_large_image","schema":{"@context":"https:\/\/schema.org","@graph":[{"@type":["WebPage","MedicalWebPage"],"@id":"https:\/\/www.optegra.com.pl\/kwalifikacja-korekcja-wzroku\/rejestracja-online","url":"https:\/\/www.optegra.com.pl\/kwalifikacja-korekcja-wzroku\/rejestracja-online","name":"Rejestracja Online - Kliniki Okulistyczne Optegra","isPartOf":{"@id":"https:\/\/www.optegra.com.pl\/kwalifikacja-laserowa-korekcja-wzroku-zawodowy-wzrok\/#website"},"datePublished":"2025-03-02T20:41:35+00:00","dateModified":"2025-06-30T05:33:28+00:00","breadcrumb":{"@id":"https:\/\/www.optegra.com.pl\/kwalifikacja-korekcja-wzroku\/rejestracja-online#breadcrumb"},"inLanguage":"pl-PL","potentialAction":[{"@type":"ReadAction","target":["https:\/\/www.optegra.com.pl\/kwalifikacja-korekcja-wzroku\/rejestracja-online"]}]},{"@type":"BreadcrumbList","@id":"https:\/\/www.optegra.com.pl\/kwalifikacja-korekcja-wzroku\/rejestracja-online#breadcrumb","itemListElement":[{"@type":"ListItem","position":1,"name":"Strona g\u0142\u00f3wna","item":"https:\/\/www.optegra.com.pl\/kwalifikacja-laserowa-korekcja-wzroku-zawodowy-wzrok\/"},{"@type":"ListItem","position":2,"name":"Rejestracja Online"}]},{"@type":"WebSite","@id":"https:\/\/www.optegra.com.pl\/kwalifikacja-laserowa-korekcja-wzroku-zawodowy-wzrok\/#website","url":"https:\/\/www.optegra.com.pl\/kwalifikacja-laserowa-korekcja-wzroku-zawodowy-wzrok\/","name":"Kliniki Okulistyczne Optegra","description":"Home of vision correction","potentialAction":[{"@type":"SearchAction","target":{"@type":"EntryPoint","urlTemplate":"https:\/\/www.optegra.com.pl\/kwalifikacja-laserowa-korekcja-wzroku-zawodowy-wzrok\/?s={search_term_string}"},"query-input":{"@type":"PropertyValueSpecification","valueRequired":true,"valueName":"search_term_string"}}],"inLanguage":"pl-PL"}]}},"featured_image_src":null,"featured_image_src_square":null,"_links":{"self":[{"href":"https:\/\/www.optegra.com.pl\/kwalifikacja-korekcja-wzroku\/wp-json\/wp\/v2\/pages\/20141","targetHints":{"allow":["GET"]}}],"collection":[{"href":"https:\/\/www.optegra.com.pl\/kwalifikacja-korekcja-wzroku\/wp-json\/wp\/v2\/pages"}],"about":[{"href":"https:\/\/www.optegra.com.pl\/kwalifikacja-korekcja-wzroku\/wp-json\/wp\/v2\/types\/page"}],"author":[{"embeddable":true,"href":"https:\/\/www.optegra.com.pl\/kwalifikacja-korekcja-wzroku\/wp-json\/wp\/v2\/users\/16"}],"replies":[{"embeddable":true,"href":"https:\/\/www.optegra.com.pl\/kwalifikacja-korekcja-wzroku\/wp-json\/wp\/v2\/comments?post=20141"}],"version-history":[{"count":11,"href":"https:\/\/www.optegra.com.pl\/kwalifikacja-korekcja-wzroku\/wp-json\/wp\/v2\/pages\/20141\/revisions"}],"predecessor-version":[{"id":20162,"href":"https:\/\/www.optegra.com.pl\/kwalifikacja-korekcja-wzroku\/wp-json\/wp\/v2\/pages\/20141\/revisions\/20162"}],"wp:attachment":[{"href":"https:\/\/www.optegra.com.pl\/kwalifikacja-korekcja-wzroku\/wp-json\/wp\/v2\/media?parent=20141"}],"curies":[{"name":"wp","href":"https:\/\/api.w.org\/{rel}","templated":true}]}}